{"id":237,"date":"2018-03-14T11:47:08","date_gmt":"2018-03-14T14:47:08","guid":{"rendered":"http:\/\/www.pluralsaude.com.br\/canaldocorretor\/beta\/a-plural-copy\/"},"modified":"2018-05-30T09:17:26","modified_gmt":"2018-05-30T12:17:26","slug":"a-plural","status":"publish","type":"page","link":"https:\/\/www.pluralsaude.com.br\/canaldocorretor\/a-plural\/","title":{"rendered":"A Plural"},"content":{"rendered":"<div class=\"flex_column av_one_third  flex_column_div av-zero-column-padding first  \" style='border-radius:0px; '><p><div style='padding-bottom:10px;' class='av-special-heading av-special-heading-h3     '><h3 class='av-special-heading-tag '  itemprop=\"headline\"  >A Plural<\/h3><div class='special-heading-border'><div class='special-heading-inner-border' ><\/div><\/div><\/div><br \/>\n<section class=\"av_textblock_section \"  itemscope=\"itemscope\" itemtype=\"https:\/\/schema.org\/CreativeWork\" ><div class='avia_textblock  '   itemprop=\"text\" ><p>A Plural Sa\u00fade nasceu na cidade de Niter\u00f3i -RJ em mar\u00e7o de 2011 e teve suas opera\u00e7\u00f5es iniciadas em 2012, se especializando na viabiliza\u00e7\u00e3o e administra\u00e7\u00e3o de planos de sa\u00fade para categorias profissionais (planos por ades\u00e3o) e para empresas.<\/p>\n<p>Fundada por Andr\u00e9 Corbacho Vianna e formada por uma sociedade que abrange profissionais com mais de 30 anos de experi\u00eancia em operadoras de sa\u00fade e concession\u00e1rias, a Plural \u00e9 hoje a maior administradora de benef\u00edcios da regi\u00e3o Norte e caminha para ser uma das maiores do Brasil.<\/p>\n<\/div><\/section><\/p><\/div>\n<div class=\"flex_column av_two_third  flex_column_div av-zero-column-padding   \" style='border-radius:0px; '><p><div style='padding-bottom:10px;' class='av-special-heading av-special-heading-h3     '><h3 class='av-special-heading-tag '  itemprop=\"headline\"  >Filiais<\/h3><div class='special-heading-border'><div class='special-heading-inner-border' ><\/div><\/div><\/div><br \/>\n<section class=\"av_textblock_section \"  itemscope=\"itemscope\" itemtype=\"https:\/\/schema.org\/CreativeWork\" ><div class='avia_textblock  '   itemprop=\"text\" ><div>\n    <div class=\"shortcode-filiais\" ng-controller=\"FiliaisController\">\n        <div style=\"float:left; width: 60%\">\n            <mapa ng-model=\"estado\"><\/mapa>\n        <\/div>\n        <div style=\"float:right; width: 37%;\" ng-if=\"estado\">\n            \n            <div ng-if=\"( filiais | filter:{uf:estado}).length == 0\" class=\"avia_message_box  avia-color-blue avia-size-normal avia-icon_select-yes avia-border-solid  avia-builder-el-1  el_before_av_heading  avia-builder-el-first \">\n                <div class=\"avia_message_box_content\">\n                    <span class=\"avia_message_box_icon\" aria-hidden=\"true\" data-av_icon=\"\ue81f\" data-av_iconfont=\"entypo-fontello\"><\/span>\n                    <p>Nenhuma unidade encontrada<\/p>\n                <\/div>\n            <\/div>\n            \n            <ul>\n                <li ng-repeat=\"filial in filiais | filter:{uf:estado} \">\n                    <b>{{ filial.nome }}<\/b>\n                    <p>\n                        {{ filial.endereco }}, {{ filial.numero }} - {{ filial.complemento }}<br>\n                        {{ filial.bairro }}, {{ filial.cidade }} \/ {{ filial.uf }}<br>\n                        Telefone(s): {{ filial.telefones.join(', ') }}\n                    <\/p>\n                <\/li>\n            <\/ul>\n        <\/div>\n    <\/div>\n<\/div>\n<\/div><\/section><\/p><\/div>\n<\/div><\/div><\/div><!-- close content main div --><\/div><\/div><div id='av_section_1' class='avia-section socket_color avia-section-default avia-no-shadow avia-bg-style-scroll   container_wrap sidebar_right'   ><div class='container' ><div class='template-page content  av-content-small alpha units'><div class='post-entry post-entry-type-page post-entry-237'><div class='entry-content-wrapper clearfix'>\n<div class=\"flex_column av_one_full  flex_column_div av-zero-column-padding first  \" style='border-radius:0px; '><p><div style='padding-bottom:10px;color:#ffffff;' class='av-special-heading av-special-heading-h1 custom-color-heading blockquote modern-quote modern-centered   '><h1 class='av-special-heading-tag '  itemprop=\"headline\"  >Diretoria Plural<\/h1><div class='special-heading-border'><div class='special-heading-inner-border' style='border-color:#ffffff'><\/div><\/div><\/div><br \/>\n<div  data-autoplay='1'  data-interval='5'  data-animation='fade'  data-hoverpause='1'  class='avia-testimonial-wrapper avia-grid-testimonials avia-grid-2-testimonials avia_animate_when_almost_visible   '>\n<section class ='avia-testimonial-row'><div class='avia-testimonial av_one_half flex_column no_margin avia-testimonial-row-1 avia-first-testimonial'  itemscope=\"itemscope\" itemtype=\"https:\/\/schema.org\/Person\" ><div class='avia-testimonial_inner'><div class='avia-testimonial-image'  itemprop=\"image\" ><img width=\"180\" height=\"180\" src=\"https:\/\/www.pluralsaude.com.br\/canaldocorretor\/wp-content\/uploads\/2018\/03\/Andr\u00e91-180x180.jpg\" class=\"attachment-square size-square\" alt=\"Andr\u00e9 Vianna\" decoding=\"async\" loading=\"lazy\" srcset=\"https:\/\/www.pluralsaude.com.br\/canaldocorretor\/wp-content\/uploads\/2018\/03\/Andr\u00e91-180x180.jpg 180w, https:\/\/www.pluralsaude.com.br\/canaldocorretor\/wp-content\/uploads\/2018\/03\/Andr\u00e91-150x150.jpg 150w, https:\/\/www.pluralsaude.com.br\/canaldocorretor\/wp-content\/uploads\/2018\/03\/Andr\u00e91-36x36.jpg 36w, https:\/\/www.pluralsaude.com.br\/canaldocorretor\/wp-content\/uploads\/2018\/03\/Andr\u00e91-120x120.jpg 120w\" sizes=\"(max-width: 180px) 100vw, 180px\" \/><\/div><div class='avia-testimonial-content '    itemscope=\"itemscope\" itemtype=\"https:\/\/schema.org\/CreativeWork\" ><p>Andr\u00e9 Luiz Corbacho Vianna possui mais de 40 anos de experi\u00eancia no mercado de planos de sa\u00fade.\u00a0 Sempre como gestor comercial, fundou corretoras e concession\u00e1rias, que se tornaram as maiores em vendas no pa\u00eds. Trabalhou em grandes empresas do ramo, como Golden Cross e Sul Am\u00e9rica Seguros.<\/p>\n<p>Foi presidente da operadora de Sa\u00fade Adress e da empresa Ulbra Sa\u00fade, com 39 centros m\u00e9dicos e 3 hospitais. Desenvolve desde 2004, no Rio de Janeiro, a distribui\u00e7\u00e3o dos produtos do plano Amigo Assist\u00eancia M\u00e9dica.<\/p>\n<p>Engenheiro Civil, com MBA em Gest\u00e3o de Neg\u00f3cios pelo IBMEC, \u00e9 presidente e s\u00f3cio-fundador desde 2011 da Plural Sa\u00fade, empresa de atua\u00e7\u00e3o nacional e a maior administradora de benef\u00edcios da regi\u00e3o Norte do pa\u00eds.<\/p>\n<\/div><div class='avia-testimonial-meta'><div class='avia-testimonial-arrow-wrap'><div class='avia-arrow'><\/div><\/div><div class='avia-testimonial-meta-mini'><strong  class='avia-testimonial-name'    itemprop=\"name\" >Andr\u00e9 Vianna<\/strong><\/div><\/div><\/div><\/div>\n<div class='avia-testimonial av_one_half flex_column no_margin avia-testimonial-row-1 avia-last-testimonial'  itemscope=\"itemscope\" itemtype=\"https:\/\/schema.org\/Person\" ><div class='avia-testimonial_inner'><div class='avia-testimonial-image'  itemprop=\"image\" ><img width=\"180\" height=\"180\" src=\"https:\/\/www.pluralsaude.com.br\/canaldocorretor\/wp-content\/uploads\/2018\/03\/pp-180x180.jpg\" class=\"attachment-square size-square\" alt=\"S\u00e9rgio Braga\" decoding=\"async\" loading=\"lazy\" srcset=\"https:\/\/www.pluralsaude.com.br\/canaldocorretor\/wp-content\/uploads\/2018\/03\/pp-180x180.jpg 180w, https:\/\/www.pluralsaude.com.br\/canaldocorretor\/wp-content\/uploads\/2018\/03\/pp-150x150.jpg 150w, https:\/\/www.pluralsaude.com.br\/canaldocorretor\/wp-content\/uploads\/2018\/03\/pp-300x300.jpg 300w, https:\/\/www.pluralsaude.com.br\/canaldocorretor\/wp-content\/uploads\/2018\/03\/pp-36x36.jpg 36w, https:\/\/www.pluralsaude.com.br\/canaldocorretor\/wp-content\/uploads\/2018\/03\/pp-120x120.jpg 120w, https:\/\/www.pluralsaude.com.br\/canaldocorretor\/wp-content\/uploads\/2018\/03\/pp-450x450.jpg 450w, https:\/\/www.pluralsaude.com.br\/canaldocorretor\/wp-content\/uploads\/2018\/03\/pp.jpg 640w\" sizes=\"(max-width: 180px) 100vw, 180px\" \/><\/div><div class='avia-testimonial-content '    itemscope=\"itemscope\" itemtype=\"https:\/\/schema.org\/CreativeWork\" ><p>S\u00e9rgio Braga formou-se em 1989 em Engenharia Eletr\u00f4nica pela UFRJ e concluiu a p\u00f3s-Gradua\u00e7\u00e3o em Finan\u00e7as pela FGV-RJ em 1990.<\/p>\n<p>Iniciou suas atividades no mercado financeiro no Banco BBM em 1989 na posi\u00e7\u00e3o de operador na mesa de d\u00f3lar e bolsa. Posteriormente, assumiu a gest\u00e3o da financeira do BBM, Creditec, tornando-se s\u00f3cio em 1998 e diretor do banco em 2001. Ap\u00f3s a venda da Creditec Financeira para o Unibanco foi respons\u00e1vel pela sua incorpora\u00e7\u00e3o, e assumiu novo desafio como diretor de Middle\u2013Market.<\/p>\n<p>Em 2013 \u00a0se juntou \u00e0 equipe da Plural como s\u00f3cio com o objetivo de acelerar o crescimento e a rentabilidade da opera\u00e7\u00e3o.<\/p>\n<\/div><div class='avia-testimonial-meta'><div class='avia-testimonial-arrow-wrap'><div class='avia-arrow'><\/div><\/div><div class='avia-testimonial-meta-mini'><strong  class='avia-testimonial-name'    itemprop=\"name\" >S\u00e9rgio Braga<\/strong><\/div><\/div><\/div><\/div><\/section>\n<section class ='avia-testimonial-row'><div class='avia-testimonial av_one_half flex_column no_margin avia-testimonial-row-2 avia-first-testimonial'  itemscope=\"itemscope\" itemtype=\"https:\/\/schema.org\/Person\" ><div class='avia-testimonial_inner'><div class='avia-testimonial-image'  itemprop=\"image\" ><img width=\"180\" height=\"180\" src=\"https:\/\/www.pluralsaude.com.br\/canaldocorretor\/wp-content\/uploads\/2018\/03\/20732730_1490089297719441_1075904100_n-180x180.jpg\" class=\"attachment-square size-square\" alt=\"Silvio Mesquita\" decoding=\"async\" loading=\"lazy\" srcset=\"https:\/\/www.pluralsaude.com.br\/canaldocorretor\/wp-content\/uploads\/2018\/03\/20732730_1490089297719441_1075904100_n-180x180.jpg 180w, https:\/\/www.pluralsaude.com.br\/canaldocorretor\/wp-content\/uploads\/2018\/03\/20732730_1490089297719441_1075904100_n-150x150.jpg 150w, https:\/\/www.pluralsaude.com.br\/canaldocorretor\/wp-content\/uploads\/2018\/03\/20732730_1490089297719441_1075904100_n-300x300.jpg 300w, https:\/\/www.pluralsaude.com.br\/canaldocorretor\/wp-content\/uploads\/2018\/03\/20732730_1490089297719441_1075904100_n-36x36.jpg 36w, https:\/\/www.pluralsaude.com.br\/canaldocorretor\/wp-content\/uploads\/2018\/03\/20732730_1490089297719441_1075904100_n-120x120.jpg 120w, https:\/\/www.pluralsaude.com.br\/canaldocorretor\/wp-content\/uploads\/2018\/03\/20732730_1490089297719441_1075904100_n-450x449.jpg 450w, https:\/\/www.pluralsaude.com.br\/canaldocorretor\/wp-content\/uploads\/2018\/03\/20732730_1490089297719441_1075904100_n.jpg 630w\" sizes=\"(max-width: 180px) 100vw, 180px\" \/><\/div><div class='avia-testimonial-content '    itemscope=\"itemscope\" itemtype=\"https:\/\/schema.org\/CreativeWork\" ><p>Silvio Mesquita possui mais de 30 anos de experi\u00eancia no segmento de Sa\u00fade Suplementar. \u00a0Atuou em operadoras de planos de sa\u00fade e concession\u00e1rias de vendas nas \u00e1reas Comercial e Administrativa.<\/p>\n<p>Possui forma\u00e7\u00e3o e especializa\u00e7\u00e3o em Marketing e Propaganda pela Escola Superior de Propaganda e Marketing\/ ESPM, onde foi coordenador do curso de p\u00f3s-gradua\u00e7\u00e3o.<\/p>\n<p>Hoje \u00e9 s\u00f3cio da Plural, respons\u00e1vel pela gest\u00e3o da \u00e1rea Comercial em v\u00e1rias regi\u00f5es do pa\u00eds.<\/p>\n<\/div><div class='avia-testimonial-meta'><div class='avia-testimonial-arrow-wrap'><div class='avia-arrow'><\/div><\/div><div class='avia-testimonial-meta-mini'><strong  class='avia-testimonial-name'    itemprop=\"name\" >Silvio Mesquita<\/strong><\/div><\/div><\/div><\/div>\n<\/section><\/div><\/p><\/div>\n<\/div><\/div><\/div><!-- close content main div --><\/div><\/div><div id='after_section_1' class='main_color av_default_container_wrap container_wrap sidebar_right'   ><div class='container' ><div class='template-page content  av-content-small alpha units'><div class='post-entry post-entry-type-page post-entry-237'><div class='entry-content-wrapper clearfix'>\n<div class=\"flex_column av_one_half  flex_column_div av-zero-column-padding first  \" style='border-radius:0px; '><p><div style='padding-bottom:10px;' class='av-special-heading av-special-heading-h3    '><h3 class='av-special-heading-tag '  itemprop=\"headline\"  >Pol\u00edtica de Qualidade<\/h3><div class='special-heading-border'><div class='special-heading-inner-border' ><\/div><\/div><\/div><br \/>\n<section class=\"av_textblock_section \"  itemscope=\"itemscope\" itemtype=\"https:\/\/schema.org\/CreativeWork\" ><div class='avia_textblock  '   itemprop=\"text\" ><p>A Plural Sa\u00fade nasceu na cidade do Rio de Janeiro, em Mar\u00e7o de 2011, montada por uma equipe com larga experi\u00eancia de mais de 30 anos no mercado de plano de sa\u00fade, e respons\u00e1vel pelo desenvolvimento e crescimento de diversos produtos. Nosso objetivo \u00e9 atuar nacionalmente, mantendo em cada local uma equipe qualificada para desenvolver e acompanhar os projetos junto as operadoras de Plano de Sa\u00fade e entidades representativas. Esta equipe comercial \u00e9 focada em resultados, respeitando a \u00e1rea de atua\u00e7\u00e3o de cada operadora local, oferecendo suporte na evolu\u00e7\u00e3o do perfil dos envolvidos, e identificando assim o plano mais adequado para aquele grupo.<\/p>\n<\/div><\/section><\/p><\/div><div class=\"flex_column av_one_half  flex_column_div av-zero-column-padding   \" style='border-radius:0px; '><div class='avia-icon-list-container  '><ul class='avia-icon-list avia-icon-list-left av-iconlist-big avia_animate_when_almost_visible'>\n<li><div  class='iconlist_icon  avia-font-entypo-fontello'><span class='iconlist-char ' aria-hidden='true' data-av_icon='\ue82a' data-av_iconfont='entypo-fontello'><\/span><\/div><article class=\"article-icon-entry \"  itemscope=\"itemscope\" itemtype=\"https:\/\/schema.org\/CreativeWork\" ><div class='iconlist_content_wrap'><header class=\"entry-content-header\"><h4 class='av_iconlist_title iconlist_title  '  itemprop=\"headline\"  >Miss\u00e3o<\/h4><\/header><div class='iconlist_content  '  itemprop=\"text\"  ><p>Atuar nacionalmente em administra\u00e7\u00e3o de sa\u00fade, transmitindo credibilidade e oferecendo muito mais que benef\u00edcios, ao facilitar, para entidades de classe e operadoras, a oferta e a gest\u00e3o de servi\u00e7os.<\/p>\n<\/div><\/div><footer class=\"entry-footer\"><\/footer><\/article><div class='iconlist-timeline'><\/div><\/li>\n<li><div  class='iconlist_icon  avia-font-entypo-fontello'><span class='iconlist-char ' aria-hidden='true' data-av_icon='\ue826' data-av_iconfont='entypo-fontello'><\/span><\/div><article class=\"article-icon-entry \"  itemscope=\"itemscope\" itemtype=\"https:\/\/schema.org\/CreativeWork\" ><div class='iconlist_content_wrap'><header class=\"entry-content-header\"><h4 class='av_iconlist_title iconlist_title  '  itemprop=\"headline\"  >Vis\u00e3o<\/h4><\/header><div class='iconlist_content  '  itemprop=\"text\"  ><p>Estar entre as tr\u00eas maiores administradoras de benef\u00edcios do Brasil, preferida pelos consumidores, entidades de classe e\/ou associa\u00e7\u00f5es de profissionais e operadoras de sa\u00fade.<\/p>\n<\/div><\/div><footer class=\"entry-footer\"><\/footer><\/article><div class='iconlist-timeline'><\/div><\/li>\n<li><div  class='iconlist_icon  avia-font-entypo-fontello'><span class='iconlist-char ' aria-hidden='true' data-av_icon='\ue808' data-av_iconfont='entypo-fontello'><\/span><\/div><article class=\"article-icon-entry \"  itemscope=\"itemscope\" itemtype=\"https:\/\/schema.org\/CreativeWork\" ><div class='iconlist_content_wrap'><header class=\"entry-content-header\"><h4 class='av_iconlist_title iconlist_title  '  itemprop=\"headline\"  >Valores<\/h4><\/header><div class='iconlist_content  '  itemprop=\"text\"  ><p>Crescimento; Desenvolvimento; Pessoal; \u00c9tica; Excel\u00eancia; Objetividade; Perenidade; Relacionamento; Responsabilidade; Seguran\u00e7a; Transpar\u00eancia<\/p>\n<\/div><\/div><footer class=\"entry-footer\"><\/footer><\/article><div class='iconlist-timeline'><\/div><\/li>\n<\/ul><\/div><\/div><\/p>\n","protected":false},"excerpt":{"rendered":"","protected":false},"author":1,"featured_media":0,"parent":0,"menu_order":0,"comment_status":"closed","ping_status":"closed","template":"","meta":[],"_links":{"self":[{"href":"https:\/\/www.pluralsaude.com.br\/canaldocorretor\/wp-json\/wp\/v2\/pages\/237"}],"collection":[{"href":"https:\/\/www.pluralsaude.com.br\/canaldocorretor\/wp-json\/wp\/v2\/pages"}],"about":[{"href":"https:\/\/www.pluralsaude.com.br\/canaldocorretor\/wp-json\/wp\/v2\/types\/page"}],"author":[{"embeddable":true,"href":"https:\/\/www.pluralsaude.com.br\/canaldocorretor\/wp-json\/wp\/v2\/users\/1"}],"replies":[{"embeddable":true,"href":"https:\/\/www.pluralsaude.com.br\/canaldocorretor\/wp-json\/wp\/v2\/comments?post=237"}],"version-history":[{"count":14,"href":"https:\/\/www.pluralsaude.com.br\/canaldocorretor\/wp-json\/wp\/v2\/pages\/237\/revisions"}],"predecessor-version":[{"id":960,"href":"https:\/\/www.pluralsaude.com.br\/canaldocorretor\/wp-json\/wp\/v2\/pages\/237\/revisions\/960"}],"wp:attachment":[{"href":"https:\/\/www.pluralsaude.com.br\/canaldocorretor\/wp-json\/wp\/v2\/media?parent=237"}],"curies":[{"name":"wp","href":"https:\/\/api.w.org\/{rel}","templated":true}]}}